{"id":1198,"date":"2025-11-27T14:00:24","date_gmt":"2025-11-27T13:00:24","guid":{"rendered":"https:\/\/skischool-loetschental.ch\/die-skischule\/"},"modified":"2025-12-09T16:52:15","modified_gmt":"2025-12-09T15:52:15","slug":"a-propos-de-nous","status":"publish","type":"page","link":"https:\/\/www.skischool-loetschental.ch\/fr\/a-propos-de-nous\/","title":{"rendered":"\u00c0 propos de nous"},"content":{"rendered":"\t\t<div data-elementor-type=\"wp-page\" data-elementor-id=\"1198\" class=\"elementor elementor-1198 elementor-291\" data-elementor-post-type=\"page\">\n\t\t\t\t<div class=\"elementor-element elementor-element-1508532 e-flex e-con-boxed e-con e-parent\" data-id=\"1508532\" data-element_type=\"container\" data-e-type=\"container\" data-settings=\"{&quot;background_background&quot;:&quot;classic&quot;}\">\n\t\t\t\t\t<div class=\"e-con-inner\">\n\t\t\t\t\t<\/div>\n\t\t\t\t<\/div>\n\t\t<section class=\"elementor-element elementor-element-26de242 e-flex e-con-boxed e-con e-parent\" data-id=\"26de242\" data-element_type=\"container\" data-e-type=\"container\">\n\t\t\t\t\t<div class=\"e-con-inner\">\n\t\t\t\t<div class=\"elementor-element elementor-element-f86377a elementor-widget__width-initial elementor-widget elementor-widget-text-editor\" data-id=\"f86377a\" data-element_type=\"widget\" data-e-type=\"widget\" data-widget_type=\"text-editor.default\">\n\t\t\t\t<div class=\"elementor-widget-container\">\n\t\t\t\t\t\t\t\t\t<h1>\u00c0 propos de notre \u00e9cole de ski<\/h1>\t\t\t\t\t\t\t\t<\/div>\n\t\t\t\t<\/div>\n\t\t\t\t\t<\/div>\n\t\t\t\t<\/section>\n\t\t<section class=\"elementor-element elementor-element-12a868f e-flex e-con-boxed e-con e-parent\" data-id=\"12a868f\" data-element_type=\"container\" data-e-type=\"container\">\n\t\t\t\t\t<div class=\"e-con-inner\">\n\t\t<div class=\"elementor-element elementor-element-f059ce7 e-con-full e-flex e-con e-child\" data-id=\"f059ce7\" data-element_type=\"container\" data-e-type=\"container\">\n\t\t\t\t<div class=\"elementor-element elementor-element-a9a7d64 elementor-widget__width-inherit elementor-widget elementor-widget-text-editor\" data-id=\"a9a7d64\" data-element_type=\"widget\" data-e-type=\"widget\" data-widget_type=\"text-editor.default\">\n\t\t\t\t<div class=\"elementor-widget-container\">\n\t\t\t\t\t\t\t\t\t<p>L&rsquo;\u00e9cole de ski alpin \u00ab Alpine Ski School L\u00f6tschental \u00bb est sp\u00e9cialis\u00e9e dans les cours particuliers pour enfants et adultes. Elle met l&rsquo;accent sur un accompagnement personnalis\u00e9, adapt\u00e9 aux capacit\u00e9s et aux souhaits individuels de ses clients internationaux.<\/p><p>Nous vous facilitons la t\u00e2che autant que possible ! Tous les cours peuvent \u00eatre r\u00e9serv\u00e9s et pay\u00e9s en ligne en toute simplicit\u00e9. Le site web permet de s\u00e9lectionner facilement les cours par date, niveau et \u00e2ge. Le paiement s&rsquo;effectue via le syst\u00e8me en ligne int\u00e9gr\u00e9. Pas d&rsquo;attente interminable au bureau. Tout \u00e0 fait dans l&rsquo;esprit d&rsquo;une organisation moderne de sports d&rsquo;hiver.<\/p><p>L&rsquo;\u00e9cole de ski a \u00e9t\u00e9 fond\u00e9e par Adrian Bellwald, originaire de la r\u00e9gion. Directeur reconnu de Swiss Snowsports, moniteur de sports de neige dipl\u00f4m\u00e9 f\u00e9d\u00e9ral et entra\u00eeneur dipl\u00f4m\u00e9 de Swiss Ski, il dirige la nouvelle \u00e9cole de ski de Lauchernalp.<\/p>\t\t\t\t\t\t\t\t<\/div>\n\t\t\t\t<\/div>\n\t\t\t\t<div class=\"elementor-element elementor-element-69449e6 elementor-widget__width-initial elementor-position-top elementor-widget elementor-widget-image-box\" data-id=\"69449e6\" data-element_type=\"widget\" data-e-type=\"widget\" data-widget_type=\"image-box.default\">\n\t\t\t\t<div class=\"elementor-widget-container\">\n\t\t\t\t\t<div class=\"elementor-image-box-wrapper\"><figure class=\"elementor-image-box-img\"><img fetchpriority=\"high\" decoding=\"async\" width=\"800\" height=\"800\" src=\"https:\/\/www.skischool-loetschental.ch\/wp-content\/uploads\/2025\/12\/Alpine-Ski-School-Adrian-Bellwald.jpg\" class=\"attachment-large size-large wp-image-1125\" alt=\"\" srcset=\"https:\/\/www.skischool-loetschental.ch\/wp-content\/uploads\/2025\/12\/Alpine-Ski-School-Adrian-Bellwald.jpg 800w, https:\/\/www.skischool-loetschental.ch\/wp-content\/uploads\/2025\/12\/Alpine-Ski-School-Adrian-Bellwald-300x300.jpg 300w, https:\/\/www.skischool-loetschental.ch\/wp-content\/uploads\/2025\/12\/Alpine-Ski-School-Adrian-Bellwald-150x150.jpg 150w, https:\/\/www.skischool-loetschental.ch\/wp-content\/uploads\/2025\/12\/Alpine-Ski-School-Adrian-Bellwald-768x768.jpg 768w\" sizes=\"(max-width: 800px) 100vw, 800px\" \/><\/figure><div class=\"elementor-image-box-content\"><p class=\"elementor-image-box-title\">Adrian Bellwald<\/p><\/div><\/div>\t\t\t\t<\/div>\n\t\t\t\t<\/div>\n\t\t\t\t<div class=\"elementor-element elementor-element-7f47941 elementor-widget__width-inherit elementor-widget elementor-widget-text-editor\" data-id=\"7f47941\" data-element_type=\"widget\" data-e-type=\"widget\" data-widget_type=\"text-editor.default\">\n\t\t\t\t<div class=\"elementor-widget-container\">\n\t\t\t\t\t\t\t\t\tNotre petite \u00e9quipe se r\u00e9jouit de vous accueillir dans la Vall\u00e9e magique !\t\t\t\t\t\t\t\t<\/div>\n\t\t\t\t<\/div>\n\t\t\t\t<\/div>\n\t\t\t\t\t<\/div>\n\t\t\t\t<\/section>\n\t\t<section class=\"elementor-element elementor-element-77ed655 e-flex e-con-boxed e-con e-parent\" data-id=\"77ed655\" data-element_type=\"container\" data-e-type=\"container\">\n\t\t\t\t\t<div class=\"e-con-inner\">\n\t\t\t\t<div class=\"elementor-element elementor-element-a4368a5 elementor-widget elementor-widget-text-editor\" data-id=\"a4368a5\" data-element_type=\"widget\" data-e-type=\"widget\" data-widget_type=\"text-editor.default\">\n\t\t\t\t<div class=\"elementor-widget-container\">\n\t\t\t\t\t\t\t\t\t<p><a href=\"https:\/\/www.skischool-loetschental.ch\/kontakt\/\">Prendre contact<\/a><\/p>\t\t\t\t\t\t\t\t<\/div>\n\t\t\t\t<\/div>\n\t\t\t\t\t<\/div>\n\t\t\t\t<\/section>\n\t\t\t\t<\/div>\n\t\t","protected":false},"excerpt":{"rendered":"<p>\u00c0 propos de notre \u00e9cole de ski L&rsquo;\u00e9cole de ski alpin \u00ab Alpine Ski School L\u00f6tschental \u00bb est sp\u00e9cialis\u00e9e dans les cours particuliers pour enfants et adultes. Elle met l&rsquo;accent sur un accompagnement personnalis\u00e9, adapt\u00e9 aux capacit\u00e9s et aux souhaits individuels de ses clients internationaux. Nous vous facilitons la t\u00e2che autant que possible ! Tous [&hellip;]<\/p>\n","protected":false},"author":1,"featured_media":0,"parent":0,"menu_order":0,"comment_status":"closed","ping_status":"closed","template":"","meta":{"_acf_changed":false,"footnotes":""},"class_list":["post-1198","page","type-page","status-publish","hentry"],"acf":[],"yoast_head":"<!-- This site is optimized with the Yoast SEO plugin v27.3 - https:\/\/yoast.com\/product\/yoast-seo-wordpress\/ -->\n<title>\u00c0 propos de nous - Ski School L\u00f6tschental |\u00a0Adrian Bellwald<\/title>\n<meta name=\"robots\" content=\"index, follow, max-snippet:-1, max-image-preview:large, max-video-preview:-1\" \/>\n<link rel=\"canonical\" href=\"https:\/\/www.skischool-loetschental.ch\/fr\/a-propos-de-nous\/\" \/>\n<meta property=\"og:locale\" content=\"fr_FR\" \/>\n<meta property=\"og:type\" content=\"article\" \/>\n<meta property=\"og:title\" content=\"\u00c0 propos de nous - Ski School L\u00f6tschental |\u00a0Adrian Bellwald\" \/>\n<meta property=\"og:description\" content=\"\u00c0 propos de notre \u00e9cole de ski L&rsquo;\u00e9cole de ski alpin \u00ab Alpine Ski School L\u00f6tschental \u00bb est sp\u00e9cialis\u00e9e dans les cours particuliers pour enfants et adultes. Elle met l&rsquo;accent sur un accompagnement personnalis\u00e9, adapt\u00e9 aux capacit\u00e9s et aux souhaits individuels de ses clients internationaux. Nous vous facilitons la t\u00e2che autant que possible ! Tous [&hellip;]\" \/>\n<meta property=\"og:url\" content=\"https:\/\/www.skischool-loetschental.ch\/fr\/a-propos-de-nous\/\" \/>\n<meta property=\"og:site_name\" content=\"Ski School L\u00f6tschental |\u00a0Adrian Bellwald\" \/>\n<meta property=\"article:publisher\" content=\"https:\/\/www.facebook.com\/people\/Alpine-Ski-School-L%c3%b6tschental\/61582555525945\/\" \/>\n<meta property=\"article:modified_time\" content=\"2025-12-09T15:52:15+00:00\" \/>\n<meta property=\"og:image\" content=\"https:\/\/www.skischool-loetschental.ch\/wp-content\/uploads\/2025\/12\/Alpine-Ski-School-Adrian-Bellwald.jpg\" \/>\n<meta name=\"twitter:card\" content=\"summary_large_image\" \/>\n<meta name=\"twitter:label1\" content=\"Dur\u00e9e de lecture estim\u00e9e\" \/>\n\t<meta name=\"twitter:data1\" content=\"2 minutes\" \/>\n<script type=\"application\/ld+json\" class=\"yoast-schema-graph\">{\"@context\":\"https:\\\/\\\/schema.org\",\"@graph\":[{\"@type\":\"WebPage\",\"@id\":\"https:\\\/\\\/www.skischool-loetschental.ch\\\/fr\\\/a-propos-de-nous\\\/\",\"url\":\"https:\\\/\\\/www.skischool-loetschental.ch\\\/fr\\\/a-propos-de-nous\\\/\",\"name\":\"\u00c0 propos de nous - Ski School L\u00f6tschental |\u00a0Adrian Bellwald\",\"isPartOf\":{\"@id\":\"https:\\\/\\\/www.skischool-loetschental.ch\\\/fr\\\/#website\"},\"primaryImageOfPage\":{\"@id\":\"https:\\\/\\\/www.skischool-loetschental.ch\\\/fr\\\/a-propos-de-nous\\\/#primaryimage\"},\"image\":{\"@id\":\"https:\\\/\\\/www.skischool-loetschental.ch\\\/fr\\\/a-propos-de-nous\\\/#primaryimage\"},\"thumbnailUrl\":\"https:\\\/\\\/www.skischool-loetschental.ch\\\/wp-content\\\/uploads\\\/2025\\\/12\\\/Alpine-Ski-School-Adrian-Bellwald.jpg\",\"datePublished\":\"2025-11-27T13:00:24+00:00\",\"dateModified\":\"2025-12-09T15:52:15+00:00\",\"breadcrumb\":{\"@id\":\"https:\\\/\\\/www.skischool-loetschental.ch\\\/fr\\\/a-propos-de-nous\\\/#breadcrumb\"},\"inLanguage\":\"fr-FR\",\"potentialAction\":[{\"@type\":\"ReadAction\",\"target\":[\"https:\\\/\\\/www.skischool-loetschental.ch\\\/fr\\\/a-propos-de-nous\\\/\"]}]},{\"@type\":\"ImageObject\",\"inLanguage\":\"fr-FR\",\"@id\":\"https:\\\/\\\/www.skischool-loetschental.ch\\\/fr\\\/a-propos-de-nous\\\/#primaryimage\",\"url\":\"https:\\\/\\\/www.skischool-loetschental.ch\\\/wp-content\\\/uploads\\\/2025\\\/12\\\/Alpine-Ski-School-Adrian-Bellwald.jpg\",\"contentUrl\":\"https:\\\/\\\/www.skischool-loetschental.ch\\\/wp-content\\\/uploads\\\/2025\\\/12\\\/Alpine-Ski-School-Adrian-Bellwald.jpg\"},{\"@type\":\"BreadcrumbList\",\"@id\":\"https:\\\/\\\/www.skischool-loetschental.ch\\\/fr\\\/a-propos-de-nous\\\/#breadcrumb\",\"itemListElement\":[{\"@type\":\"ListItem\",\"position\":1,\"name\":\"Home\",\"item\":\"https:\\\/\\\/www.skischool-loetschental.ch\\\/fr\\\/\"},{\"@type\":\"ListItem\",\"position\":2,\"name\":\"\u00c0 propos de nous\"}]},{\"@type\":\"WebSite\",\"@id\":\"https:\\\/\\\/www.skischool-loetschental.ch\\\/fr\\\/#website\",\"url\":\"https:\\\/\\\/www.skischool-loetschental.ch\\\/fr\\\/\",\"name\":\"Ski School L\u00f6tschental |\u00a0Adrian Bellwald\",\"description\":\"\",\"publisher\":{\"@id\":\"https:\\\/\\\/www.skischool-loetschental.ch\\\/fr\\\/#organization\"},\"potentialAction\":[{\"@type\":\"SearchAction\",\"target\":{\"@type\":\"EntryPoint\",\"urlTemplate\":\"https:\\\/\\\/www.skischool-loetschental.ch\\\/fr\\\/?s={search_term_string}\"},\"query-input\":{\"@type\":\"PropertyValueSpecification\",\"valueRequired\":true,\"valueName\":\"search_term_string\"}}],\"inLanguage\":\"fr-FR\"},{\"@type\":\"Organization\",\"@id\":\"https:\\\/\\\/www.skischool-loetschental.ch\\\/fr\\\/#organization\",\"name\":\"Alpine Ski School L\u00f6tschental, Bellwald Adrian\",\"url\":\"https:\\\/\\\/www.skischool-loetschental.ch\\\/fr\\\/\",\"logo\":{\"@type\":\"ImageObject\",\"inLanguage\":\"fr-FR\",\"@id\":\"https:\\\/\\\/www.skischool-loetschental.ch\\\/fr\\\/#\\\/schema\\\/logo\\\/image\\\/\",\"url\":\"https:\\\/\\\/www.skischool-loetschental.ch\\\/wp-content\\\/uploads\\\/2025\\\/11\\\/Logo-Alpine-Ski-School-Loetschental.svg\",\"contentUrl\":\"https:\\\/\\\/www.skischool-loetschental.ch\\\/wp-content\\\/uploads\\\/2025\\\/11\\\/Logo-Alpine-Ski-School-Loetschental.svg\",\"width\":635,\"height\":822,\"caption\":\"Alpine Ski School L\u00f6tschental, Bellwald Adrian\"},\"image\":{\"@id\":\"https:\\\/\\\/www.skischool-loetschental.ch\\\/fr\\\/#\\\/schema\\\/logo\\\/image\\\/\"},\"sameAs\":[\"https:\\\/\\\/www.facebook.com\\\/people\\\/Alpine-Ski-School-L\u00f6tschental\\\/61582555525945\\\/\",\"https:\\\/\\\/www.instagram.com\\\/skischool_loetschental\\\/\"]}]}<\/script>\n<!-- \/ Yoast SEO plugin. -->","yoast_head_json":{"title":"\u00c0 propos de nous - Ski School L\u00f6tschental |\u00a0Adrian Bellwald","robots":{"index":"index","follow":"follow","max-snippet":"max-snippet:-1","max-image-preview":"max-image-preview:large","max-video-preview":"max-video-preview:-1"},"canonical":"https:\/\/www.skischool-loetschental.ch\/fr\/a-propos-de-nous\/","og_locale":"fr_FR","og_type":"article","og_title":"\u00c0 propos de nous - Ski School L\u00f6tschental |\u00a0Adrian Bellwald","og_description":"\u00c0 propos de notre \u00e9cole de ski L&rsquo;\u00e9cole de ski alpin \u00ab Alpine Ski School L\u00f6tschental \u00bb est sp\u00e9cialis\u00e9e dans les cours particuliers pour enfants et adultes. Elle met l&rsquo;accent sur un accompagnement personnalis\u00e9, adapt\u00e9 aux capacit\u00e9s et aux souhaits individuels de ses clients internationaux. Nous vous facilitons la t\u00e2che autant que possible ! Tous [&hellip;]","og_url":"https:\/\/www.skischool-loetschental.ch\/fr\/a-propos-de-nous\/","og_site_name":"Ski School L\u00f6tschental |\u00a0Adrian Bellwald","article_publisher":"https:\/\/www.facebook.com\/people\/Alpine-Ski-School-L%c3%b6tschental\/61582555525945\/","article_modified_time":"2025-12-09T15:52:15+00:00","og_image":[{"url":"https:\/\/www.skischool-loetschental.ch\/wp-content\/uploads\/2025\/12\/Alpine-Ski-School-Adrian-Bellwald.jpg","type":"","width":"","height":""}],"twitter_card":"summary_large_image","twitter_misc":{"Dur\u00e9e de lecture estim\u00e9e":"2 minutes"},"schema":{"@context":"https:\/\/schema.org","@graph":[{"@type":"WebPage","@id":"https:\/\/www.skischool-loetschental.ch\/fr\/a-propos-de-nous\/","url":"https:\/\/www.skischool-loetschental.ch\/fr\/a-propos-de-nous\/","name":"\u00c0 propos de nous - Ski School L\u00f6tschental |\u00a0Adrian Bellwald","isPartOf":{"@id":"https:\/\/www.skischool-loetschental.ch\/fr\/#website"},"primaryImageOfPage":{"@id":"https:\/\/www.skischool-loetschental.ch\/fr\/a-propos-de-nous\/#primaryimage"},"image":{"@id":"https:\/\/www.skischool-loetschental.ch\/fr\/a-propos-de-nous\/#primaryimage"},"thumbnailUrl":"https:\/\/www.skischool-loetschental.ch\/wp-content\/uploads\/2025\/12\/Alpine-Ski-School-Adrian-Bellwald.jpg","datePublished":"2025-11-27T13:00:24+00:00","dateModified":"2025-12-09T15:52:15+00:00","breadcrumb":{"@id":"https:\/\/www.skischool-loetschental.ch\/fr\/a-propos-de-nous\/#breadcrumb"},"inLanguage":"fr-FR","potentialAction":[{"@type":"ReadAction","target":["https:\/\/www.skischool-loetschental.ch\/fr\/a-propos-de-nous\/"]}]},{"@type":"ImageObject","inLanguage":"fr-FR","@id":"https:\/\/www.skischool-loetschental.ch\/fr\/a-propos-de-nous\/#primaryimage","url":"https:\/\/www.skischool-loetschental.ch\/wp-content\/uploads\/2025\/12\/Alpine-Ski-School-Adrian-Bellwald.jpg","contentUrl":"https:\/\/www.skischool-loetschental.ch\/wp-content\/uploads\/2025\/12\/Alpine-Ski-School-Adrian-Bellwald.jpg"},{"@type":"BreadcrumbList","@id":"https:\/\/www.skischool-loetschental.ch\/fr\/a-propos-de-nous\/#breadcrumb","itemListElement":[{"@type":"ListItem","position":1,"name":"Home","item":"https:\/\/www.skischool-loetschental.ch\/fr\/"},{"@type":"ListItem","position":2,"name":"\u00c0 propos de nous"}]},{"@type":"WebSite","@id":"https:\/\/www.skischool-loetschental.ch\/fr\/#website","url":"https:\/\/www.skischool-loetschental.ch\/fr\/","name":"Ski School L\u00f6tschental |\u00a0Adrian Bellwald","description":"","publisher":{"@id":"https:\/\/www.skischool-loetschental.ch\/fr\/#organization"},"potentialAction":[{"@type":"SearchAction","target":{"@type":"EntryPoint","urlTemplate":"https:\/\/www.skischool-loetschental.ch\/fr\/?s={search_term_string}"},"query-input":{"@type":"PropertyValueSpecification","valueRequired":true,"valueName":"search_term_string"}}],"inLanguage":"fr-FR"},{"@type":"Organization","@id":"https:\/\/www.skischool-loetschental.ch\/fr\/#organization","name":"Alpine Ski School L\u00f6tschental, Bellwald Adrian","url":"https:\/\/www.skischool-loetschental.ch\/fr\/","logo":{"@type":"ImageObject","inLanguage":"fr-FR","@id":"https:\/\/www.skischool-loetschental.ch\/fr\/#\/schema\/logo\/image\/","url":"https:\/\/www.skischool-loetschental.ch\/wp-content\/uploads\/2025\/11\/Logo-Alpine-Ski-School-Loetschental.svg","contentUrl":"https:\/\/www.skischool-loetschental.ch\/wp-content\/uploads\/2025\/11\/Logo-Alpine-Ski-School-Loetschental.svg","width":635,"height":822,"caption":"Alpine Ski School L\u00f6tschental, Bellwald Adrian"},"image":{"@id":"https:\/\/www.skischool-loetschental.ch\/fr\/#\/schema\/logo\/image\/"},"sameAs":["https:\/\/www.facebook.com\/people\/Alpine-Ski-School-L\u00f6tschental\/61582555525945\/","https:\/\/www.instagram.com\/skischool_loetschental\/"]}]}},"_links":{"self":[{"href":"https:\/\/www.skischool-loetschental.ch\/fr\/wp-json\/wp\/v2\/pages\/1198","targetHints":{"allow":["GET"]}}],"collection":[{"href":"https:\/\/www.skischool-loetschental.ch\/fr\/wp-json\/wp\/v2\/pages"}],"about":[{"href":"https:\/\/www.skischool-loetschental.ch\/fr\/wp-json\/wp\/v2\/types\/page"}],"author":[{"embeddable":true,"href":"https:\/\/www.skischool-loetschental.ch\/fr\/wp-json\/wp\/v2\/users\/1"}],"replies":[{"embeddable":true,"href":"https:\/\/www.skischool-loetschental.ch\/fr\/wp-json\/wp\/v2\/comments?post=1198"}],"version-history":[{"count":7,"href":"https:\/\/www.skischool-loetschental.ch\/fr\/wp-json\/wp\/v2\/pages\/1198\/revisions"}],"predecessor-version":[{"id":1215,"href":"https:\/\/www.skischool-loetschental.ch\/fr\/wp-json\/wp\/v2\/pages\/1198\/revisions\/1215"}],"wp:attachment":[{"href":"https:\/\/www.skischool-loetschental.ch\/fr\/wp-json\/wp\/v2\/media?parent=1198"}],"curies":[{"name":"wp","href":"https:\/\/api.w.org\/{rel}","templated":true}]}}