{"id":1219,"date":"2025-11-27T15:42:25","date_gmt":"2025-11-27T14:42:25","guid":{"rendered":"https:\/\/skischool-loetschental.ch\/kontakt\/"},"modified":"2026-03-26T16:22:37","modified_gmt":"2026-03-26T15:22:37","slug":"contact","status":"publish","type":"page","link":"https:\/\/www.skischool-loetschental.ch\/fr\/contact\/","title":{"rendered":"Contact"},"content":{"rendered":"\t\t<div data-elementor-type=\"wp-page\" data-elementor-id=\"1219\" class=\"elementor elementor-1219 elementor-429\" data-elementor-post-type=\"page\">\n\t\t\t\t<div class=\"elementor-element elementor-element-1508532 e-flex e-con-boxed e-con e-parent\" data-id=\"1508532\" data-element_type=\"container\" data-e-type=\"container\" data-settings=\"{&quot;background_background&quot;:&quot;classic&quot;}\">\n\t\t\t\t\t<div class=\"e-con-inner\">\n\t\t\t\t\t<\/div>\n\t\t\t\t<\/div>\n\t\t<section class=\"elementor-element elementor-element-26de242 e-flex e-con-boxed e-con e-parent\" data-id=\"26de242\" data-element_type=\"container\" data-e-type=\"container\">\n\t\t\t\t\t<div class=\"e-con-inner\">\n\t\t\t\t<div class=\"elementor-element elementor-element-f86377a elementor-widget__width-initial elementor-widget elementor-widget-text-editor\" data-id=\"f86377a\" data-element_type=\"widget\" data-e-type=\"widget\" data-widget_type=\"text-editor.default\">\n\t\t\t\t<div class=\"elementor-widget-container\">\n\t\t\t\t\t\t\t\t\t<h1>Contactez-nous<\/h1>\nSi vous avez des questions ou des souhaits, n&rsquo;h\u00e9sitez pas \u00e0 nous contacter \u2013 nous vous conseillerons personnellement.\t\t\t\t\t\t\t\t<\/div>\n\t\t\t\t<\/div>\n\t\t<div class=\"elementor-element elementor-element-c34baec e-con-full e-flex e-con e-child\" data-id=\"c34baec\" data-element_type=\"container\" data-e-type=\"container\">\n\t\t\t\t<div class=\"elementor-element elementor-element-963b33f elementor-widget elementor-widget-button\" data-id=\"963b33f\" data-element_type=\"widget\" data-e-type=\"widget\" data-widget_type=\"button.default\">\n\t\t\t\t<div class=\"elementor-widget-container\">\n\t\t\t\t\t\t\t\t\t<div class=\"elementor-button-wrapper\">\n\t\t\t\t\t<a class=\"elementor-button elementor-button-link elementor-size-sm\" href=\"mailto:info@skischool-loetschental.ch\">\n\t\t\t\t\t\t<span class=\"elementor-button-content-wrapper\">\n\t\t\t\t\t\t<span class=\"elementor-button-icon\">\n\t\t\t\t<i aria-hidden=\"true\" class=\"fas fa-envelope\"><\/i>\t\t\t<\/span>\n\t\t\t\t\t\t\t\t\t<span class=\"elementor-button-text\">\u00c9crire un e-mail<\/span>\n\t\t\t\t\t<\/span>\n\t\t\t\t\t<\/a>\n\t\t\t\t<\/div>\n\t\t\t\t\t\t\t\t<\/div>\n\t\t\t\t<\/div>\n\t\t\t\t<div class=\"elementor-element elementor-element-d29799a elementor-widget elementor-widget-button\" data-id=\"d29799a\" data-element_type=\"widget\" data-e-type=\"widget\" data-widget_type=\"button.default\">\n\t\t\t\t<div class=\"elementor-widget-container\">\n\t\t\t\t\t\t\t\t\t<div class=\"elementor-button-wrapper\">\n\t\t\t\t\t<a class=\"elementor-button elementor-button-link elementor-size-sm\" href=\"tel:+41792153838\">\n\t\t\t\t\t\t<span class=\"elementor-button-content-wrapper\">\n\t\t\t\t\t\t<span class=\"elementor-button-icon\">\n\t\t\t\t<i aria-hidden=\"true\" class=\"fas fa-phone\"><\/i>\t\t\t<\/span>\n\t\t\t\t\t\t\t\t\t<span class=\"elementor-button-text\">+41 79 215 38 38<\/span>\n\t\t\t\t\t<\/span>\n\t\t\t\t\t<\/a>\n\t\t\t\t<\/div>\n\t\t\t\t\t\t\t\t<\/div>\n\t\t\t\t<\/div>\n\t\t\t\t<\/div>\n\t\t\t\t\t<\/div>\n\t\t\t\t<\/section>\n\t\t<section class=\"elementor-element elementor-element-6fd5f65 e-flex e-con-boxed e-con e-parent\" data-id=\"6fd5f65\" data-element_type=\"container\" data-e-type=\"container\" data-settings=\"{&quot;background_background&quot;:&quot;classic&quot;}\">\n\t\t\t\t\t<div class=\"e-con-inner\">\n\t\t\t\t<div class=\"elementor-element elementor-element-5690047 elementor-widget elementor-widget-heading\" data-id=\"5690047\" data-element_type=\"widget\" data-e-type=\"widget\" data-widget_type=\"heading.default\">\n\t\t\t\t<div class=\"elementor-widget-container\">\n\t\t\t\t\t<h2 class=\"elementor-heading-title elementor-size-default\">formulaire de contact<\/h2>\t\t\t\t<\/div>\n\t\t\t\t<\/div>\n\t\t\t\t<div class=\"elementor-element elementor-element-4c83d20 elementor-button-align-center elementor-widget__width-initial elementor-widget elementor-widget-form\" data-id=\"4c83d20\" data-element_type=\"widget\" data-e-type=\"widget\" data-settings=\"{&quot;step_next_label&quot;:&quot;N\\u00e4chster&quot;,&quot;step_previous_label&quot;:&quot;Voriger&quot;,&quot;button_width&quot;:&quot;100&quot;,&quot;step_type&quot;:&quot;number_text&quot;,&quot;step_icon_shape&quot;:&quot;circle&quot;}\" data-widget_type=\"form.default\">\n\t\t\t\t<div class=\"elementor-widget-container\">\n\t\t\t\t\t\t\t<form class=\"elementor-form\" method=\"post\" name=\"Kontaktformular\" aria-label=\"Kontaktformular\">\n\t\t\t<input type=\"hidden\" name=\"post_id\" value=\"1219\"\/>\n\t\t\t<input type=\"hidden\" name=\"form_id\" value=\"4c83d20\"\/>\n\t\t\t<input type=\"hidden\" name=\"referer_title\" value=\"Contact - Ski School L\u00f6tschental |\u00a0Adrian Bellwald\" \/>\n\n\t\t\t\t\t\t\t<input type=\"hidden\" name=\"queried_id\" value=\"1219\"\/>\n\t\t\t\n\t\t\t<div class=\"elementor-form-fields-wrapper elementor-labels-above\">\n\t\t\t\t\t\t\t\t<div class=\"elementor-field-type-text elementor-field-group elementor-column elementor-field-group-name elementor-col-50\">\n\t\t\t\t\t\t\t\t\t\t\t\t<label for=\"form-field-name\" class=\"elementor-field-label\">\n\t\t\t\t\t\t\t\tNom\t\t\t\t\t\t\t<\/label>\n\t\t\t\t\t\t\t\t\t\t\t\t\t\t<input size=\"1\" type=\"text\" name=\"form_fields[name]\" id=\"form-field-name\" class=\"elementor-field elementor-size-sm  elementor-field-textual\">\n\t\t\t\t\t\t\t\t\t\t\t<\/div>\n\t\t\t\t\t\t\t\t<div class=\"elementor-field-type-text elementor-field-group elementor-column elementor-field-group-field_c57d5ec elementor-col-50\">\n\t\t\t\t\t\t\t\t\t\t\t\t<label for=\"form-field-field_c57d5ec\" class=\"elementor-field-label\">\n\t\t\t\t\t\t\t\tPr\u00e9nom\t\t\t\t\t\t\t<\/label>\n\t\t\t\t\t\t\t\t\t\t\t\t\t\t<input size=\"1\" type=\"text\" name=\"form_fields[field_c57d5ec]\" id=\"form-field-field_c57d5ec\" class=\"elementor-field elementor-size-sm  elementor-field-textual\">\n\t\t\t\t\t\t\t\t\t\t\t<\/div>\n\t\t\t\t\t\t\t\t<div class=\"elementor-field-type-text elementor-field-group elementor-column elementor-field-group-field_84730a2 elementor-col-50\">\n\t\t\t\t\t\t\t\t\t\t\t\t<label for=\"form-field-field_84730a2\" class=\"elementor-field-label\">\n\t\t\t\t\t\t\t\tVotre num\u00e9ro de t\u00e9l\u00e9phone\t\t\t\t\t\t\t<\/label>\n\t\t\t\t\t\t\t\t\t\t\t\t\t\t<input size=\"1\" type=\"text\" name=\"form_fields[field_84730a2]\" id=\"form-field-field_84730a2\" class=\"elementor-field elementor-size-sm  elementor-field-textual\">\n\t\t\t\t\t\t\t\t\t\t\t<\/div>\n\t\t\t\t\t\t\t\t<div class=\"elementor-field-type-email elementor-field-group elementor-column elementor-field-group-email elementor-col-50 elementor-field-required elementor-mark-required\">\n\t\t\t\t\t\t\t\t\t\t\t\t<label for=\"form-field-email\" class=\"elementor-field-label\">\n\t\t\t\t\t\t\t\tE-Mail\t\t\t\t\t\t\t<\/label>\n\t\t\t\t\t\t\t\t\t\t\t\t\t\t<input size=\"1\" type=\"email\" name=\"form_fields[email]\" id=\"form-field-email\" class=\"elementor-field elementor-size-sm  elementor-field-textual\" required=\"required\">\n\t\t\t\t\t\t\t\t\t\t\t<\/div>\n\t\t\t\t\t\t\t\t<div class=\"elementor-field-type-textarea elementor-field-group elementor-column elementor-field-group-message elementor-col-100\">\n\t\t\t\t\t\t\t\t\t\t\t\t<label for=\"form-field-message\" class=\"elementor-field-label\">\n\t\t\t\t\t\t\t\tVotre message\t\t\t\t\t\t\t<\/label>\n\t\t\t\t\t\t<textarea class=\"elementor-field-textual elementor-field  elementor-size-sm\" name=\"form_fields[message]\" id=\"form-field-message\" rows=\"7\"><\/textarea>\t\t\t\t<\/div>\n\t\t\t\t\t\t\t\t<div class=\"elementor-field-group elementor-column elementor-field-type-submit elementor-col-100 e-form__buttons\">\n\t\t\t\t\t<button class=\"elementor-button elementor-size-sm\" type=\"submit\">\n\t\t\t\t\t\t<span class=\"elementor-button-content-wrapper\">\n\t\t\t\t\t\t\t\t\t\t\t\t\t\t\t\t\t\t\t\t\t\t<span class=\"elementor-button-text\">Envoyer<\/span>\n\t\t\t\t\t\t\t\t\t\t\t\t\t<\/span>\n\t\t\t\t\t<\/button>\n\t\t\t\t<\/div>\n\t\t\t<\/div>\n\t\t<\/form>\n\t\t\t\t\t\t<\/div>\n\t\t\t\t<\/div>\n\t\t\t\t<div class=\"elementor-element elementor-element-1f75f01 elementor-absolute elementor-widget elementor-widget-image\" data-id=\"1f75f01\" data-element_type=\"widget\" data-e-type=\"widget\" data-settings=\"{&quot;_position&quot;:&quot;absolute&quot;}\" data-widget_type=\"image.default\">\n\t\t\t\t<div class=\"elementor-widget-container\">\n\t\t\t\t\t\t\t\t\t\t\t\t\t\t\t<img fetchpriority=\"high\" decoding=\"async\" width=\"804\" height=\"386\" src=\"https:\/\/www.skischool-loetschental.ch\/wp-content\/uploads\/2025\/11\/bg-mountain.svg\" class=\"attachment-large size-large wp-image-659\" alt=\"\" \/>\t\t\t\t\t\t\t\t\t\t\t\t\t\t\t<\/div>\n\t\t\t\t<\/div>\n\t\t\t\t\t<\/div>\n\t\t\t\t<\/section>\n\t\t\t\t<\/div>\n\t\t","protected":false},"excerpt":{"rendered":"<p>Contactez-nous Si vous avez des questions ou des souhaits, n&rsquo;h\u00e9sitez pas \u00e0 nous contacter \u2013 nous vous conseillerons personnellement. \u00c9crire un e-mail +41 79 215 38 38 formulaire de contact<\/p>\n","protected":false},"author":1,"featured_media":0,"parent":0,"menu_order":0,"comment_status":"closed","ping_status":"closed","template":"","meta":{"_acf_changed":false,"footnotes":""},"class_list":["post-1219","page","type-page","status-publish","hentry"],"acf":[],"yoast_head":"<!-- This site is optimized with the Yoast SEO plugin v27.3 - https:\/\/yoast.com\/product\/yoast-seo-wordpress\/ -->\n<title>Contact - Ski School L\u00f6tschental |\u00a0Adrian Bellwald<\/title>\n<meta name=\"robots\" content=\"index, follow, max-snippet:-1, max-image-preview:large, max-video-preview:-1\" \/>\n<link rel=\"canonical\" href=\"https:\/\/www.skischool-loetschental.ch\/fr\/contact\/\" \/>\n<meta property=\"og:locale\" content=\"fr_FR\" \/>\n<meta property=\"og:type\" content=\"article\" \/>\n<meta property=\"og:title\" content=\"Contact - Ski School L\u00f6tschental |\u00a0Adrian Bellwald\" \/>\n<meta property=\"og:description\" content=\"Contactez-nous Si vous avez des questions ou des souhaits, n&rsquo;h\u00e9sitez pas \u00e0 nous contacter \u2013 nous vous conseillerons personnellement. \u00c9crire un e-mail +41 79 215 38 38 formulaire de contact\" \/>\n<meta property=\"og:url\" content=\"https:\/\/www.skischool-loetschental.ch\/fr\/contact\/\" \/>\n<meta property=\"og:site_name\" content=\"Ski School L\u00f6tschental |\u00a0Adrian Bellwald\" \/>\n<meta property=\"article:publisher\" content=\"https:\/\/www.facebook.com\/people\/Alpine-Ski-School-L%c3%b6tschental\/61582555525945\/\" \/>\n<meta property=\"article:modified_time\" content=\"2026-03-26T15:22:37+00:00\" \/>\n<meta name=\"twitter:card\" content=\"summary_large_image\" \/>\n<meta name=\"twitter:label1\" content=\"Dur\u00e9e de lecture estim\u00e9e\" \/>\n\t<meta name=\"twitter:data1\" content=\"1 minute\" \/>\n<script type=\"application\/ld+json\" class=\"yoast-schema-graph\">{\"@context\":\"https:\\\/\\\/schema.org\",\"@graph\":[{\"@type\":\"WebPage\",\"@id\":\"https:\\\/\\\/www.skischool-loetschental.ch\\\/fr\\\/contact\\\/\",\"url\":\"https:\\\/\\\/www.skischool-loetschental.ch\\\/fr\\\/contact\\\/\",\"name\":\"Contact - Ski School L\u00f6tschental |\u00a0Adrian Bellwald\",\"isPartOf\":{\"@id\":\"https:\\\/\\\/www.skischool-loetschental.ch\\\/fr\\\/#website\"},\"primaryImageOfPage\":{\"@id\":\"https:\\\/\\\/www.skischool-loetschental.ch\\\/fr\\\/contact\\\/#primaryimage\"},\"image\":{\"@id\":\"https:\\\/\\\/www.skischool-loetschental.ch\\\/fr\\\/contact\\\/#primaryimage\"},\"thumbnailUrl\":\"https:\\\/\\\/www.skischool-loetschental.ch\\\/wp-content\\\/uploads\\\/2025\\\/11\\\/bg-mountain.svg\",\"datePublished\":\"2025-11-27T14:42:25+00:00\",\"dateModified\":\"2026-03-26T15:22:37+00:00\",\"breadcrumb\":{\"@id\":\"https:\\\/\\\/www.skischool-loetschental.ch\\\/fr\\\/contact\\\/#breadcrumb\"},\"inLanguage\":\"fr-FR\",\"potentialAction\":[{\"@type\":\"ReadAction\",\"target\":[\"https:\\\/\\\/www.skischool-loetschental.ch\\\/fr\\\/contact\\\/\"]}]},{\"@type\":\"ImageObject\",\"inLanguage\":\"fr-FR\",\"@id\":\"https:\\\/\\\/www.skischool-loetschental.ch\\\/fr\\\/contact\\\/#primaryimage\",\"url\":\"https:\\\/\\\/www.skischool-loetschental.ch\\\/wp-content\\\/uploads\\\/2025\\\/11\\\/bg-mountain.svg\",\"contentUrl\":\"https:\\\/\\\/www.skischool-loetschental.ch\\\/wp-content\\\/uploads\\\/2025\\\/11\\\/bg-mountain.svg\"},{\"@type\":\"BreadcrumbList\",\"@id\":\"https:\\\/\\\/www.skischool-loetschental.ch\\\/fr\\\/contact\\\/#breadcrumb\",\"itemListElement\":[{\"@type\":\"ListItem\",\"position\":1,\"name\":\"Home\",\"item\":\"https:\\\/\\\/www.skischool-loetschental.ch\\\/fr\\\/\"},{\"@type\":\"ListItem\",\"position\":2,\"name\":\"Contact\"}]},{\"@type\":\"WebSite\",\"@id\":\"https:\\\/\\\/www.skischool-loetschental.ch\\\/fr\\\/#website\",\"url\":\"https:\\\/\\\/www.skischool-loetschental.ch\\\/fr\\\/\",\"name\":\"Ski School L\u00f6tschental |\u00a0Adrian Bellwald\",\"description\":\"\",\"publisher\":{\"@id\":\"https:\\\/\\\/www.skischool-loetschental.ch\\\/fr\\\/#organization\"},\"potentialAction\":[{\"@type\":\"SearchAction\",\"target\":{\"@type\":\"EntryPoint\",\"urlTemplate\":\"https:\\\/\\\/www.skischool-loetschental.ch\\\/fr\\\/?s={search_term_string}\"},\"query-input\":{\"@type\":\"PropertyValueSpecification\",\"valueRequired\":true,\"valueName\":\"search_term_string\"}}],\"inLanguage\":\"fr-FR\"},{\"@type\":\"Organization\",\"@id\":\"https:\\\/\\\/www.skischool-loetschental.ch\\\/fr\\\/#organization\",\"name\":\"Alpine Ski School L\u00f6tschental, Bellwald Adrian\",\"url\":\"https:\\\/\\\/www.skischool-loetschental.ch\\\/fr\\\/\",\"logo\":{\"@type\":\"ImageObject\",\"inLanguage\":\"fr-FR\",\"@id\":\"https:\\\/\\\/www.skischool-loetschental.ch\\\/fr\\\/#\\\/schema\\\/logo\\\/image\\\/\",\"url\":\"https:\\\/\\\/www.skischool-loetschental.ch\\\/wp-content\\\/uploads\\\/2025\\\/11\\\/Logo-Alpine-Ski-School-Loetschental.svg\",\"contentUrl\":\"https:\\\/\\\/www.skischool-loetschental.ch\\\/wp-content\\\/uploads\\\/2025\\\/11\\\/Logo-Alpine-Ski-School-Loetschental.svg\",\"width\":635,\"height\":822,\"caption\":\"Alpine Ski School L\u00f6tschental, Bellwald Adrian\"},\"image\":{\"@id\":\"https:\\\/\\\/www.skischool-loetschental.ch\\\/fr\\\/#\\\/schema\\\/logo\\\/image\\\/\"},\"sameAs\":[\"https:\\\/\\\/www.facebook.com\\\/people\\\/Alpine-Ski-School-L\u00f6tschental\\\/61582555525945\\\/\",\"https:\\\/\\\/www.instagram.com\\\/skischool_loetschental\\\/\"]}]}<\/script>\n<!-- \/ Yoast SEO plugin. -->","yoast_head_json":{"title":"Contact - Ski School L\u00f6tschental |\u00a0Adrian Bellwald","robots":{"index":"index","follow":"follow","max-snippet":"max-snippet:-1","max-image-preview":"max-image-preview:large","max-video-preview":"max-video-preview:-1"},"canonical":"https:\/\/www.skischool-loetschental.ch\/fr\/contact\/","og_locale":"fr_FR","og_type":"article","og_title":"Contact - Ski School L\u00f6tschental |\u00a0Adrian Bellwald","og_description":"Contactez-nous Si vous avez des questions ou des souhaits, n&rsquo;h\u00e9sitez pas \u00e0 nous contacter \u2013 nous vous conseillerons personnellement. \u00c9crire un e-mail +41 79 215 38 38 formulaire de contact","og_url":"https:\/\/www.skischool-loetschental.ch\/fr\/contact\/","og_site_name":"Ski School L\u00f6tschental |\u00a0Adrian Bellwald","article_publisher":"https:\/\/www.facebook.com\/people\/Alpine-Ski-School-L%c3%b6tschental\/61582555525945\/","article_modified_time":"2026-03-26T15:22:37+00:00","twitter_card":"summary_large_image","twitter_misc":{"Dur\u00e9e de lecture estim\u00e9e":"1 minute"},"schema":{"@context":"https:\/\/schema.org","@graph":[{"@type":"WebPage","@id":"https:\/\/www.skischool-loetschental.ch\/fr\/contact\/","url":"https:\/\/www.skischool-loetschental.ch\/fr\/contact\/","name":"Contact - Ski School L\u00f6tschental |\u00a0Adrian Bellwald","isPartOf":{"@id":"https:\/\/www.skischool-loetschental.ch\/fr\/#website"},"primaryImageOfPage":{"@id":"https:\/\/www.skischool-loetschental.ch\/fr\/contact\/#primaryimage"},"image":{"@id":"https:\/\/www.skischool-loetschental.ch\/fr\/contact\/#primaryimage"},"thumbnailUrl":"https:\/\/www.skischool-loetschental.ch\/wp-content\/uploads\/2025\/11\/bg-mountain.svg","datePublished":"2025-11-27T14:42:25+00:00","dateModified":"2026-03-26T15:22:37+00:00","breadcrumb":{"@id":"https:\/\/www.skischool-loetschental.ch\/fr\/contact\/#breadcrumb"},"inLanguage":"fr-FR","potentialAction":[{"@type":"ReadAction","target":["https:\/\/www.skischool-loetschental.ch\/fr\/contact\/"]}]},{"@type":"ImageObject","inLanguage":"fr-FR","@id":"https:\/\/www.skischool-loetschental.ch\/fr\/contact\/#primaryimage","url":"https:\/\/www.skischool-loetschental.ch\/wp-content\/uploads\/2025\/11\/bg-mountain.svg","contentUrl":"https:\/\/www.skischool-loetschental.ch\/wp-content\/uploads\/2025\/11\/bg-mountain.svg"},{"@type":"BreadcrumbList","@id":"https:\/\/www.skischool-loetschental.ch\/fr\/contact\/#breadcrumb","itemListElement":[{"@type":"ListItem","position":1,"name":"Home","item":"https:\/\/www.skischool-loetschental.ch\/fr\/"},{"@type":"ListItem","position":2,"name":"Contact"}]},{"@type":"WebSite","@id":"https:\/\/www.skischool-loetschental.ch\/fr\/#website","url":"https:\/\/www.skischool-loetschental.ch\/fr\/","name":"Ski School L\u00f6tschental |\u00a0Adrian Bellwald","description":"","publisher":{"@id":"https:\/\/www.skischool-loetschental.ch\/fr\/#organization"},"potentialAction":[{"@type":"SearchAction","target":{"@type":"EntryPoint","urlTemplate":"https:\/\/www.skischool-loetschental.ch\/fr\/?s={search_term_string}"},"query-input":{"@type":"PropertyValueSpecification","valueRequired":true,"valueName":"search_term_string"}}],"inLanguage":"fr-FR"},{"@type":"Organization","@id":"https:\/\/www.skischool-loetschental.ch\/fr\/#organization","name":"Alpine Ski School L\u00f6tschental, Bellwald Adrian","url":"https:\/\/www.skischool-loetschental.ch\/fr\/","logo":{"@type":"ImageObject","inLanguage":"fr-FR","@id":"https:\/\/www.skischool-loetschental.ch\/fr\/#\/schema\/logo\/image\/","url":"https:\/\/www.skischool-loetschental.ch\/wp-content\/uploads\/2025\/11\/Logo-Alpine-Ski-School-Loetschental.svg","contentUrl":"https:\/\/www.skischool-loetschental.ch\/wp-content\/uploads\/2025\/11\/Logo-Alpine-Ski-School-Loetschental.svg","width":635,"height":822,"caption":"Alpine Ski School L\u00f6tschental, Bellwald Adrian"},"image":{"@id":"https:\/\/www.skischool-loetschental.ch\/fr\/#\/schema\/logo\/image\/"},"sameAs":["https:\/\/www.facebook.com\/people\/Alpine-Ski-School-L\u00f6tschental\/61582555525945\/","https:\/\/www.instagram.com\/skischool_loetschental\/"]}]}},"_links":{"self":[{"href":"https:\/\/www.skischool-loetschental.ch\/fr\/wp-json\/wp\/v2\/pages\/1219","targetHints":{"allow":["GET"]}}],"collection":[{"href":"https:\/\/www.skischool-loetschental.ch\/fr\/wp-json\/wp\/v2\/pages"}],"about":[{"href":"https:\/\/www.skischool-loetschental.ch\/fr\/wp-json\/wp\/v2\/types\/page"}],"author":[{"embeddable":true,"href":"https:\/\/www.skischool-loetschental.ch\/fr\/wp-json\/wp\/v2\/users\/1"}],"replies":[{"embeddable":true,"href":"https:\/\/www.skischool-loetschental.ch\/fr\/wp-json\/wp\/v2\/comments?post=1219"}],"version-history":[{"count":7,"href":"https:\/\/www.skischool-loetschental.ch\/fr\/wp-json\/wp\/v2\/pages\/1219\/revisions"}],"predecessor-version":[{"id":1428,"href":"https:\/\/www.skischool-loetschental.ch\/fr\/wp-json\/wp\/v2\/pages\/1219\/revisions\/1428"}],"wp:attachment":[{"href":"https:\/\/www.skischool-loetschental.ch\/fr\/wp-json\/wp\/v2\/media?parent=1219"}],"curies":[{"name":"wp","href":"https:\/\/api.w.org\/{rel}","templated":true}]}}