{"id":1320,"date":"2025-12-04T13:52:49","date_gmt":"2025-12-04T12:52:49","guid":{"rendered":"https:\/\/skischool-loetschental.ch\/impressum\/"},"modified":"2025-12-09T22:00:58","modified_gmt":"2025-12-09T21:00:58","slug":"impressum","status":"publish","type":"page","link":"https:\/\/www.skischool-loetschental.ch\/fr\/impressum\/","title":{"rendered":"Impressum"},"content":{"rendered":"\t\t<div data-elementor-type=\"wp-page\" data-elementor-id=\"1320\" class=\"elementor elementor-1320 elementor-819\" data-elementor-post-type=\"page\">\n\t\t\t\t<div class=\"elementor-element elementor-element-1508532 e-flex e-con-boxed e-con e-parent\" data-id=\"1508532\" data-element_type=\"container\" data-e-type=\"container\" data-settings=\"{&quot;background_background&quot;:&quot;classic&quot;}\">\n\t\t\t\t\t<div class=\"e-con-inner\">\n\t\t\t\t\t<\/div>\n\t\t\t\t<\/div>\n\t\t<section class=\"elementor-element elementor-element-4adf475 e-flex e-con-boxed e-con e-parent\" data-id=\"4adf475\" data-element_type=\"container\" data-e-type=\"container\">\n\t\t\t\t\t<div class=\"e-con-inner\">\n\t\t\t\t<div class=\"elementor-element elementor-element-04fad21 elementor-widget elementor-widget-text-editor\" data-id=\"04fad21\" data-element_type=\"widget\" data-e-type=\"widget\" data-widget_type=\"text-editor.default\">\n\t\t\t\t<div class=\"elementor-widget-container\">\n\t\t\t\t\t\t\t\t\t<h1>Mentions l\u00e9gales<\/h1><h4>Responsable du contenu<\/h4><p>Alpine Ski School L\u00f6tschental<br \/>Under Dorfstrasse 5<br \/>3916 Ferden<\/p><p><a href=\"mailto:info@skischool-loetschental.ch\">info@skischool-loetschental.ch<\/a><\/p><h4>Conception, d\u00e9veloppement et h\u00e9bergement du site web<\/h4><p>Supersaxo Media AG<br \/>Kantonsstrasse 73a<br \/>3930 Visp<\/p><p><a href=\"https:\/\/supersaxo.media\/\" target=\"_blank\" rel=\"noopener\">supersaxo.media<\/a><\/p><h4>Clause de responsabilit\u00e9<\/h4><p>Le contenu de ces pages web est r\u00e9dig\u00e9 avec le plus grand soin. N\u00e9anmoins, nous d\u00e9clinons toute responsabilit\u00e9 quant \u00e0 son contenu. Sous r\u00e9serve d&rsquo;erreurs d&rsquo;impression, d&rsquo;inexactitudes et de modifications. Le contenu est prot\u00e9g\u00e9 par le droit d&rsquo;auteur. Nous d\u00e9clinons toute responsabilit\u00e9 quant au contenu des liens externes. Les exploitants des pages li\u00e9es sont seuls responsables de leur contenu.<\/p>\t\t\t\t\t\t\t\t<\/div>\n\t\t\t\t<\/div>\n\t\t\t\t\t<\/div>\n\t\t\t\t<\/section>\n\t\t\t\t<\/div>\n\t\t","protected":false},"excerpt":{"rendered":"<p>Mentions l\u00e9gales Responsable du contenu Alpine Ski School L\u00f6tschentalUnder Dorfstrasse 53916 Ferden info@skischool-loetschental.ch Conception, d\u00e9veloppement et h\u00e9bergement du site web Supersaxo Media AGKantonsstrasse 73a3930 Visp supersaxo.media Clause de responsabilit\u00e9 Le contenu de ces pages web est r\u00e9dig\u00e9 avec le plus grand soin. N\u00e9anmoins, nous d\u00e9clinons toute responsabilit\u00e9 quant \u00e0 son contenu. Sous r\u00e9serve d&rsquo;erreurs d&rsquo;impression, [&hellip;]<\/p>\n","protected":false},"author":1,"featured_media":0,"parent":0,"menu_order":0,"comment_status":"closed","ping_status":"closed","template":"","meta":{"_acf_changed":false,"footnotes":""},"class_list":["post-1320","page","type-page","status-publish","hentry"],"acf":[],"yoast_head":"<!-- This site is optimized with the Yoast SEO plugin v27.3 - https:\/\/yoast.com\/product\/yoast-seo-wordpress\/ -->\n<title>Impressum - Ski School L\u00f6tschental |\u00a0Adrian Bellwald<\/title>\n<meta name=\"robots\" content=\"index, follow, max-snippet:-1, max-image-preview:large, max-video-preview:-1\" \/>\n<link rel=\"canonical\" href=\"https:\/\/www.skischool-loetschental.ch\/fr\/impressum\/\" \/>\n<meta property=\"og:locale\" content=\"fr_FR\" \/>\n<meta property=\"og:type\" content=\"article\" \/>\n<meta property=\"og:title\" content=\"Impressum - Ski School L\u00f6tschental |\u00a0Adrian Bellwald\" \/>\n<meta property=\"og:description\" content=\"Mentions l\u00e9gales Responsable du contenu Alpine Ski School L\u00f6tschentalUnder Dorfstrasse 53916 Ferden info@skischool-loetschental.ch Conception, d\u00e9veloppement et h\u00e9bergement du site web Supersaxo Media AGKantonsstrasse 73a3930 Visp supersaxo.media Clause de responsabilit\u00e9 Le contenu de ces pages web est r\u00e9dig\u00e9 avec le plus grand soin. N\u00e9anmoins, nous d\u00e9clinons toute responsabilit\u00e9 quant \u00e0 son contenu. Sous r\u00e9serve d&rsquo;erreurs d&rsquo;impression, [&hellip;]\" \/>\n<meta property=\"og:url\" content=\"https:\/\/www.skischool-loetschental.ch\/fr\/impressum\/\" \/>\n<meta property=\"og:site_name\" content=\"Ski School L\u00f6tschental |\u00a0Adrian Bellwald\" \/>\n<meta property=\"article:publisher\" content=\"https:\/\/www.facebook.com\/people\/Alpine-Ski-School-L%c3%b6tschental\/61582555525945\/\" \/>\n<meta property=\"article:modified_time\" content=\"2025-12-09T21:00:58+00:00\" \/>\n<meta name=\"twitter:card\" content=\"summary_large_image\" \/>\n<meta name=\"twitter:label1\" content=\"Dur\u00e9e de lecture estim\u00e9e\" \/>\n\t<meta name=\"twitter:data1\" content=\"1 minute\" \/>\n<script type=\"application\/ld+json\" class=\"yoast-schema-graph\">{\"@context\":\"https:\\\/\\\/schema.org\",\"@graph\":[{\"@type\":\"WebPage\",\"@id\":\"https:\\\/\\\/www.skischool-loetschental.ch\\\/fr\\\/impressum\\\/\",\"url\":\"https:\\\/\\\/www.skischool-loetschental.ch\\\/fr\\\/impressum\\\/\",\"name\":\"Impressum - Ski School L\u00f6tschental |\u00a0Adrian Bellwald\",\"isPartOf\":{\"@id\":\"https:\\\/\\\/www.skischool-loetschental.ch\\\/fr\\\/#website\"},\"datePublished\":\"2025-12-04T12:52:49+00:00\",\"dateModified\":\"2025-12-09T21:00:58+00:00\",\"breadcrumb\":{\"@id\":\"https:\\\/\\\/www.skischool-loetschental.ch\\\/fr\\\/impressum\\\/#breadcrumb\"},\"inLanguage\":\"fr-FR\",\"potentialAction\":[{\"@type\":\"ReadAction\",\"target\":[\"https:\\\/\\\/www.skischool-loetschental.ch\\\/fr\\\/impressum\\\/\"]}]},{\"@type\":\"BreadcrumbList\",\"@id\":\"https:\\\/\\\/www.skischool-loetschental.ch\\\/fr\\\/impressum\\\/#breadcrumb\",\"itemListElement\":[{\"@type\":\"ListItem\",\"position\":1,\"name\":\"Home\",\"item\":\"https:\\\/\\\/www.skischool-loetschental.ch\\\/fr\\\/\"},{\"@type\":\"ListItem\",\"position\":2,\"name\":\"Impressum\"}]},{\"@type\":\"WebSite\",\"@id\":\"https:\\\/\\\/www.skischool-loetschental.ch\\\/fr\\\/#website\",\"url\":\"https:\\\/\\\/www.skischool-loetschental.ch\\\/fr\\\/\",\"name\":\"Ski School L\u00f6tschental |\u00a0Adrian Bellwald\",\"description\":\"\",\"publisher\":{\"@id\":\"https:\\\/\\\/www.skischool-loetschental.ch\\\/fr\\\/#organization\"},\"potentialAction\":[{\"@type\":\"SearchAction\",\"target\":{\"@type\":\"EntryPoint\",\"urlTemplate\":\"https:\\\/\\\/www.skischool-loetschental.ch\\\/fr\\\/?s={search_term_string}\"},\"query-input\":{\"@type\":\"PropertyValueSpecification\",\"valueRequired\":true,\"valueName\":\"search_term_string\"}}],\"inLanguage\":\"fr-FR\"},{\"@type\":\"Organization\",\"@id\":\"https:\\\/\\\/www.skischool-loetschental.ch\\\/fr\\\/#organization\",\"name\":\"Alpine Ski School L\u00f6tschental, Bellwald Adrian\",\"url\":\"https:\\\/\\\/www.skischool-loetschental.ch\\\/fr\\\/\",\"logo\":{\"@type\":\"ImageObject\",\"inLanguage\":\"fr-FR\",\"@id\":\"https:\\\/\\\/www.skischool-loetschental.ch\\\/fr\\\/#\\\/schema\\\/logo\\\/image\\\/\",\"url\":\"https:\\\/\\\/www.skischool-loetschental.ch\\\/wp-content\\\/uploads\\\/2025\\\/11\\\/Logo-Alpine-Ski-School-Loetschental.svg\",\"contentUrl\":\"https:\\\/\\\/www.skischool-loetschental.ch\\\/wp-content\\\/uploads\\\/2025\\\/11\\\/Logo-Alpine-Ski-School-Loetschental.svg\",\"width\":635,\"height\":822,\"caption\":\"Alpine Ski School L\u00f6tschental, Bellwald Adrian\"},\"image\":{\"@id\":\"https:\\\/\\\/www.skischool-loetschental.ch\\\/fr\\\/#\\\/schema\\\/logo\\\/image\\\/\"},\"sameAs\":[\"https:\\\/\\\/www.facebook.com\\\/people\\\/Alpine-Ski-School-L\u00f6tschental\\\/61582555525945\\\/\",\"https:\\\/\\\/www.instagram.com\\\/skischool_loetschental\\\/\"]}]}<\/script>\n<!-- \/ Yoast SEO plugin. -->","yoast_head_json":{"title":"Impressum - Ski School L\u00f6tschental |\u00a0Adrian Bellwald","robots":{"index":"index","follow":"follow","max-snippet":"max-snippet:-1","max-image-preview":"max-image-preview:large","max-video-preview":"max-video-preview:-1"},"canonical":"https:\/\/www.skischool-loetschental.ch\/fr\/impressum\/","og_locale":"fr_FR","og_type":"article","og_title":"Impressum - Ski School L\u00f6tschental |\u00a0Adrian Bellwald","og_description":"Mentions l\u00e9gales Responsable du contenu Alpine Ski School L\u00f6tschentalUnder Dorfstrasse 53916 Ferden info@skischool-loetschental.ch Conception, d\u00e9veloppement et h\u00e9bergement du site web Supersaxo Media AGKantonsstrasse 73a3930 Visp supersaxo.media Clause de responsabilit\u00e9 Le contenu de ces pages web est r\u00e9dig\u00e9 avec le plus grand soin. N\u00e9anmoins, nous d\u00e9clinons toute responsabilit\u00e9 quant \u00e0 son contenu. Sous r\u00e9serve d&rsquo;erreurs d&rsquo;impression, [&hellip;]","og_url":"https:\/\/www.skischool-loetschental.ch\/fr\/impressum\/","og_site_name":"Ski School L\u00f6tschental |\u00a0Adrian Bellwald","article_publisher":"https:\/\/www.facebook.com\/people\/Alpine-Ski-School-L%c3%b6tschental\/61582555525945\/","article_modified_time":"2025-12-09T21:00:58+00:00","twitter_card":"summary_large_image","twitter_misc":{"Dur\u00e9e de lecture estim\u00e9e":"1 minute"},"schema":{"@context":"https:\/\/schema.org","@graph":[{"@type":"WebPage","@id":"https:\/\/www.skischool-loetschental.ch\/fr\/impressum\/","url":"https:\/\/www.skischool-loetschental.ch\/fr\/impressum\/","name":"Impressum - Ski School L\u00f6tschental |\u00a0Adrian Bellwald","isPartOf":{"@id":"https:\/\/www.skischool-loetschental.ch\/fr\/#website"},"datePublished":"2025-12-04T12:52:49+00:00","dateModified":"2025-12-09T21:00:58+00:00","breadcrumb":{"@id":"https:\/\/www.skischool-loetschental.ch\/fr\/impressum\/#breadcrumb"},"inLanguage":"fr-FR","potentialAction":[{"@type":"ReadAction","target":["https:\/\/www.skischool-loetschental.ch\/fr\/impressum\/"]}]},{"@type":"BreadcrumbList","@id":"https:\/\/www.skischool-loetschental.ch\/fr\/impressum\/#breadcrumb","itemListElement":[{"@type":"ListItem","position":1,"name":"Home","item":"https:\/\/www.skischool-loetschental.ch\/fr\/"},{"@type":"ListItem","position":2,"name":"Impressum"}]},{"@type":"WebSite","@id":"https:\/\/www.skischool-loetschental.ch\/fr\/#website","url":"https:\/\/www.skischool-loetschental.ch\/fr\/","name":"Ski School L\u00f6tschental |\u00a0Adrian Bellwald","description":"","publisher":{"@id":"https:\/\/www.skischool-loetschental.ch\/fr\/#organization"},"potentialAction":[{"@type":"SearchAction","target":{"@type":"EntryPoint","urlTemplate":"https:\/\/www.skischool-loetschental.ch\/fr\/?s={search_term_string}"},"query-input":{"@type":"PropertyValueSpecification","valueRequired":true,"valueName":"search_term_string"}}],"inLanguage":"fr-FR"},{"@type":"Organization","@id":"https:\/\/www.skischool-loetschental.ch\/fr\/#organization","name":"Alpine Ski School L\u00f6tschental, Bellwald Adrian","url":"https:\/\/www.skischool-loetschental.ch\/fr\/","logo":{"@type":"ImageObject","inLanguage":"fr-FR","@id":"https:\/\/www.skischool-loetschental.ch\/fr\/#\/schema\/logo\/image\/","url":"https:\/\/www.skischool-loetschental.ch\/wp-content\/uploads\/2025\/11\/Logo-Alpine-Ski-School-Loetschental.svg","contentUrl":"https:\/\/www.skischool-loetschental.ch\/wp-content\/uploads\/2025\/11\/Logo-Alpine-Ski-School-Loetschental.svg","width":635,"height":822,"caption":"Alpine Ski School L\u00f6tschental, Bellwald Adrian"},"image":{"@id":"https:\/\/www.skischool-loetschental.ch\/fr\/#\/schema\/logo\/image\/"},"sameAs":["https:\/\/www.facebook.com\/people\/Alpine-Ski-School-L\u00f6tschental\/61582555525945\/","https:\/\/www.instagram.com\/skischool_loetschental\/"]}]}},"_links":{"self":[{"href":"https:\/\/www.skischool-loetschental.ch\/fr\/wp-json\/wp\/v2\/pages\/1320","targetHints":{"allow":["GET"]}}],"collection":[{"href":"https:\/\/www.skischool-loetschental.ch\/fr\/wp-json\/wp\/v2\/pages"}],"about":[{"href":"https:\/\/www.skischool-loetschental.ch\/fr\/wp-json\/wp\/v2\/types\/page"}],"author":[{"embeddable":true,"href":"https:\/\/www.skischool-loetschental.ch\/fr\/wp-json\/wp\/v2\/users\/1"}],"replies":[{"embeddable":true,"href":"https:\/\/www.skischool-loetschental.ch\/fr\/wp-json\/wp\/v2\/comments?post=1320"}],"version-history":[{"count":3,"href":"https:\/\/www.skischool-loetschental.ch\/fr\/wp-json\/wp\/v2\/pages\/1320\/revisions"}],"predecessor-version":[{"id":1329,"href":"https:\/\/www.skischool-loetschental.ch\/fr\/wp-json\/wp\/v2\/pages\/1320\/revisions\/1329"}],"wp:attachment":[{"href":"https:\/\/www.skischool-loetschental.ch\/fr\/wp-json\/wp\/v2\/media?parent=1320"}],"curies":[{"name":"wp","href":"https:\/\/api.w.org\/{rel}","templated":true}]}}